{"id":135,"date":"2012-09-26T15:43:01","date_gmt":"2012-09-26T15:43:01","guid":{"rendered":"http:\/\/www.veicetia.org\/wp\/?page_id=135"},"modified":"2012-09-27T12:28:20","modified_gmt":"2012-09-27T12:28:20","slug":"pianta-di-vicenza-romana","status":"publish","type":"page","link":"https:\/\/www.veicetia.org\/wp\/?page_id=135","title":{"rendered":"Pianta di Vicenza Romana"},"content":{"rendered":"<p>L\u2019associazione archeologica \u201cVeicetia\u201d ha potuto seguire per oltre 20 anni i cantieri edili e stradali della citt\u00e0 di Vicenza, raccogliendo una notevole quantit\u00e0 di informazioni archeologiche.<br \/>\nEsse riguardano non solo la Vicenza romana ma anche quella paleoveneta e medievale.<br \/>\nDella Vicenza romana si sta delineando un quadro ormai preciso, specialmente nell\u2019assetto viario, con la definizione di numerosi cardines e decumani. Inoltre si \u00e8 potuta accertare con sicurezza l\u2019area del foro che, attraversato dalla via Postumia \u2013 decumano massimo, risultava divisa in due parti: una riservata al culto, con almeno un grande tempio circondato da un triportico, e il foro, delimitato a sud da un grande edificio scenico.<br \/>\nAd ovest del foro ed ortogonale al decumano massimo, \u00e8 stata rinvenuta parte di un palazzo di forma rettangolare con abside sostenuta da quattro contrafforti e dotata di ipocausto.<br \/>\nSempre a sud-ovest del foro sono state individuate strutture appartenenti sicuramente ad un impianto termale di uso pubblico.<br \/>\nAnche il teatro detto di Berga, gi\u00e0 noto nella sua forma, \u00e8 stato frutto di indagini e scavi, tanto da offrire una lettura pressoch\u00e9 completa con il ritrovamento alle sue spalle di un doppio porticato delimitante una piazza che arrivava nei pressi di ponte S. Paolo.<br \/>\nNuove scoperte hanno riguardato anche l\u2019edilizia residenziale. E\u2019 stato rinvenuto in Corte dei Bissari, a fianco della Basilica Palladiana, un cardine minore fiancheggiante una \u201cdomus\u201d e, in Contr\u00e0 Porti, un complesso di vari edifici di edilizia privata con parte di un criptoportico, un ninfeo e pavimenti musivi.<br \/>\nAnche la cinta muraria \u00e8 stata meglio identificata. Mure Pallamaio e Piazza Matteotti hanno messo in luce altre parti della struttura.<br \/>\nIl percorso dell\u2019acquedotto in entrata nella citt\u00e0 \u00e8 stato definito con certezza fino all\u2019incrocio di Corso Fogazzaro con Contr\u00e0 delle Beccariette. Il rinvenimento della base di un pilone di sostegno fa ipotizzare nell\u2019asse Corso Fogazzaro \u2013 via Cesare Battisti \u2013 Contr\u00e0 Pasini \u2013 Eretenia l\u2019andamento del Cardo Maximus, poich\u00e9 un tratto di fognatura emerso in Contr\u00e0 Fascina farebbe pensare ad un cardo in uscita forse da una porta urbica.<\/p>\n<p>Data l\u2019assenza di pubblicazioni recenti in merito e la richiesta sempre pi\u00f9 pressante di informazioni da parte della cittadinanza, la mappa che qui presentiamo, lungi da essere esaustiva, offre un\u2019immagine abbastanza realistica dell\u2019assetto di Vicenza romana. E&#8217; la pi\u00f9 attendibile finora pubblicata e viene aggiornata continuamente. Molto resta ancora da fare, e ringraziamo fin d\u2019ora tutti coloro che vorranno contribuire ad arricchire di nuovi dati questo nostro lavoro.<br \/>\nLa prima mappa della citt\u00e0 antica fu pubblicata nel 1850 dal grande erudito vicentino Conte Giovanni Da Schio e forniva notizie che ancora oggi hanno trovato riscontro, grazie alle sue intuizioni e alla sua profonda conoscenza dell&#8217;Antico.<\/p>\n<p>&nbsp;<\/p>\n<table width=\"662\" border=\"0\" cellspacing=\"0\" cellpadding=\"0\">\n<tbody>\n<tr>\n<td style=\"text-align: center;\" width=\"648\" height=\"19\"><span style=\"font-family: Verdana; font-size: x-small;\"><a href=\"http:\/\/www.veicetia.org\/wp\/wp-content\/uploads\/2012\/09\/PiantaVI.jpg\"><img loading=\"lazy\" decoding=\"async\" class=\"aligncenter  wp-image-140\" title=\"PiantaVI\" src=\"http:\/\/www.veicetia.org\/wp\/wp-content\/uploads\/2012\/09\/PiantaVI-300x200.jpg\" alt=\"\" width=\"400\" height=\"300\" \/><\/a><br \/>\n<\/span><span style=\"font-family: Verdana; font-size: x-small;\">Giovanni Da Schio: Pianta di Vicenza antica ne: Le antiche iscrizioni che furono trovate in Vicenza e che vi sono illustrate per opera di Giovanni Da Schio, Vicenza, 1850<\/span><\/td>\n<\/tr>\n<tr>\n<td style=\"text-align: center;\" width=\"648\" height=\"19\">&nbsp;<\/p>\n<p><span style=\"font-family: Verdana; font-size: x-small;\"><a href=\"http:\/\/www.veicetia.org\/wp\/wp-content\/uploads\/2012\/09\/VIdaSchio2.jpg\"><img loading=\"lazy\" decoding=\"async\" class=\"aligncenter size-full wp-image-148\" title=\"VIdaSchio2\" src=\"http:\/\/www.veicetia.org\/wp\/wp-content\/uploads\/2012\/09\/VIdaSchio2.jpg\" alt=\"\" width=\"576\" height=\"813\" srcset=\"https:\/\/www.veicetia.org\/wp\/wp-content\/uploads\/2012\/09\/VIdaSchio2.jpg 576w, https:\/\/www.veicetia.org\/wp\/wp-content\/uploads\/2012\/09\/VIdaSchio2-354x500.jpg 354w\" sizes=\"auto, (max-width: 576px) 100vw, 576px\" \/><\/a><\/span><\/td>\n<\/tr>\n<\/tbody>\n<\/table>\n<p>&nbsp;<\/p>\n<p>&nbsp;<\/p>\n","protected":false},"excerpt":{"rendered":"<p>L\u2019associazione archeologica \u201cVeicetia\u201d ha potuto seguire per oltre 20 anni i cantieri edili e stradali della citt\u00e0 di Vicenza, raccogliendo una notevole quantit\u00e0 di informazioni archeologiche. Esse riguardano non solo la Vicenza romana ma anche quella paleoveneta e medievale. Della Vicenza romana si sta delineando un quadro ormai preciso, specialmente &hellip;<\/p>\n","protected":false},"author":1,"featured_media":0,"parent":0,"menu_order":0,"comment_status":"open","ping_status":"open","template":"page-full.php","meta":{"footnotes":""},"class_list":["post-135","page","type-page","status-publish","hentry"],"_links":{"self":[{"href":"https:\/\/www.veicetia.org\/wp\/index.php?rest_route=\/wp\/v2\/pages\/135","targetHints":{"allow":["GET"]}}],"collection":[{"href":"https:\/\/www.veicetia.org\/wp\/index.php?rest_route=\/wp\/v2\/pages"}],"about":[{"href":"https:\/\/www.veicetia.org\/wp\/index.php?rest_route=\/wp\/v2\/types\/page"}],"author":[{"embeddable":true,"href":"https:\/\/www.veicetia.org\/wp\/index.php?rest_route=\/wp\/v2\/users\/1"}],"replies":[{"embeddable":true,"href":"https:\/\/www.veicetia.org\/wp\/index.php?rest_route=%2Fwp%2Fv2%2Fcomments&post=135"}],"version-history":[{"count":7,"href":"https:\/\/www.veicetia.org\/wp\/index.php?rest_route=\/wp\/v2\/pages\/135\/revisions"}],"predecessor-version":[{"id":141,"href":"https:\/\/www.veicetia.org\/wp\/index.php?rest_route=\/wp\/v2\/pages\/135\/revisions\/141"}],"wp:attachment":[{"href":"https:\/\/www.veicetia.org\/wp\/index.php?rest_route=%2Fwp%2Fv2%2Fmedia&parent=135"}],"curies":[{"name":"wp","href":"https:\/\/api.w.org\/{rel}","templated":true}]}}