{"id":194,"date":"2012-09-27T14:49:09","date_gmt":"2012-09-27T14:49:09","guid":{"rendered":"http:\/\/www.veicetia.org\/wp\/?page_id=194"},"modified":"2012-11-06T12:44:58","modified_gmt":"2012-11-06T12:44:58","slug":"notizie-sugli-scavi","status":"publish","type":"page","link":"https:\/\/www.veicetia.org\/wp\/?page_id=194","title":{"rendered":"Notizie sugli scavi"},"content":{"rendered":"<p>Questa sezione contiene articoli apparsi nel corso del tempo su quotidiani vicentini, e che danno notizie su rinvenimenti di interesse archeologico,storico o artistico riguardanti Vicenza e la sua provincia. Inoltre saranno inserite notizie su scavi attualmente in corso in citt\u00e0 e nel comune di Vicenza, il loro stato di avanzamento ed i materiali rinvenuti. Conterr\u00e0 altres\u00ec notizie riguardanti scavi archeologici e ritrovamenti avvenuti soprattutto in Germania. Questo paese \u00e8 particolarmente ricco sotto questo profilo ed i materiali rinvenuti sono di eccezionale qualit\u00e0 e di estremo interesse.<\/p>\n<table style=\"width: 300px;\" border=\"0\">\n<tbody>\n<tr>\n<td><a title=\"L'ascia barbuta in discarica\" href=\"http:\/\/www.veicetia.org\/wp\/wp-content\/uploads\/2012\/09\/13.jpg\" target=\"_blank\">L&#8217;ascia barbuta in discarica<\/a><\/td>\n<\/tr>\n<tr>\n<td><a href=\"http:\/\/www.veicetia.org\/wp\/wp-content\/uploads\/2012\/09\/23.jpg\" target=\"_blank\"><span style=\"font-family: Verdana; font-size: x-small;\">Un &#8220;inedito&#8221; latino venetico<\/span><\/a><\/td>\n<\/tr>\n<tr>\n<td><a href=\"http:\/\/www.veicetia.org\/wp\/wp-content\/uploads\/2012\/09\/33.jpg\" target=\"_blank\"><span style=\"font-family: Verdana; font-size: x-small;\">L&#8217;acquedotto romano nascosto al Dal Molin<\/span><\/a><\/td>\n<\/tr>\n<tr>\n<td><a href=\"http:\/\/www.veicetia.org\/wp\/wp-content\/uploads\/2012\/09\/42.jpg\" target=\"_blank\"><span style=\"font-family: Verdana; font-size: x-small;\">L&#8217;ascia nei secoli ha cambiato l&#8217;uomo<\/span><\/a><\/td>\n<\/tr>\n<tr>\n<td><a href=\"http:\/\/www.veicetia.org\/wp\/wp-content\/uploads\/2012\/09\/52.jpg\" target=\"_blank\"><span style=\"font-family: Verdana; font-size: x-small;\">Le collane di Fimon<\/span><\/a><\/td>\n<\/tr>\n<tr>\n<td><a href=\"http:\/\/www.veicetia.org\/wp\/wp-content\/uploads\/2012\/09\/62.jpg\" target=\"_blank\"><span style=\"font-family: Verdana; font-size: x-small;\">Lupo o agnello: Enigma in Duomo<\/span><\/a><\/td>\n<\/tr>\n<tr>\n<td><a href=\"http:\/\/www.veicetia.org\/wp\/wp-content\/uploads\/2012\/09\/71.jpg\" target=\"_blank\"><span style=\"font-family: Verdana; font-size: x-small;\">Sul Monte del Vento nell&#8217;et\u00e0 del Bronzo<\/span><\/a><\/td>\n<\/tr>\n<tr>\n<td><a href=\"http:\/\/www.veicetia.org\/wp\/wp-content\/uploads\/2012\/09\/8.jpg\" target=\"_blank\"><span style=\"font-family: Verdana; font-size: x-small;\">Il villaggio sepolto<\/span><\/a><\/td>\n<\/tr>\n<tr>\n<td><a href=\"http:\/\/www.veicetia.org\/wp\/wp-content\/uploads\/2012\/09\/9.jpg\" target=\"_blank\"><span style=\"font-family: Verdana; font-size: x-small;\">Reperti paleoveneti in localit\u00e0 Salzena<\/span><\/a><\/td>\n<\/tr>\n<tr>\n<td><a href=\"http:\/\/www.veicetia.org\/wp\/wp-content\/uploads\/2012\/09\/10.jpg\" target=\"_blank\"><span style=\"font-family: Verdana; font-size: x-small;\">Vestigia paleovenete al &#8220;Castello&#8221;<\/span><\/a><\/td>\n<\/tr>\n<tr>\n<td><a href=\"http:\/\/www.veicetia.org\/wp\/wp-content\/uploads\/2012\/09\/111.jpg\" target=\"_blank\"><span style=\"font-family: Verdana; font-size: x-small;\">La crocetta di Dueville: un &#8220;unicum&#8221; longobardo<\/span><\/a><\/td>\n<\/tr>\n<tr>\n<td><a href=\"http:\/\/www.veicetia.org\/wp\/wp-content\/uploads\/2012\/09\/121.jpg\" target=\"_blank\"><span style=\"font-family: Verdana; font-size: x-small;\">Nel Criptoportico l&#8217;acqua fa danni: Infiltrazione ed ora le stalattiti<\/span><\/a><\/td>\n<\/tr>\n<tr>\n<td><a href=\"http:\/\/www.veicetia.org\/wp\/wp-content\/uploads\/2012\/09\/131.jpg\" target=\"_blank\"><span style=\"font-family: Verdana; font-size: x-small;\">Un insediamento del bronzo medio-recente sul Monte del Vento a Creazzo<\/span><\/a><\/td>\n<\/tr>\n<tr>\n<td><a href=\"http:\/\/www.veicetia.org\/wp\/wp-content\/uploads\/2012\/09\/14.jpg\" target=\"_blank\"><span style=\"font-family: Verdana; font-size: x-small;\">Lungo la via dell&#8217;ambra<\/span><\/a><\/td>\n<\/tr>\n<tr>\n<td><a href=\"http:\/\/www.veicetia.org\/wp\/wp-content\/uploads\/2012\/09\/15.jpg\" target=\"_blank\"><span style=\"font-family: Verdana; font-size: x-small;\">Scoperta villa romana sotto la Valdastico Sud<\/span><\/a><\/td>\n<\/tr>\n<tr>\n<td><a href=\"http:\/\/www.veicetia.org\/wp\/wp-content\/uploads\/2012\/09\/16.jpg\" target=\"_blank\"><span style=\"font-family: Verdana; font-size: x-small;\"><span style=\"font-family: Verdana; font-size: x-small;\">Tesoro di anfore romane spunta in Piarda Fanton<\/span><\/span><\/a><\/td>\n<\/tr>\n<\/tbody>\n<\/table>\n","protected":false},"excerpt":{"rendered":"<p>Questa sezione contiene articoli apparsi nel corso del tempo su quotidiani vicentini, e che danno notizie su rinvenimenti di interesse archeologico,storico o artistico riguardanti Vicenza e la sua provincia. Inoltre saranno inserite notizie su scavi attualmente in corso in citt\u00e0 e nel comune di Vicenza, il loro stato di avanzamento &hellip;<\/p>\n","protected":false},"author":1,"featured_media":0,"parent":0,"menu_order":0,"comment_status":"open","ping_status":"open","template":"","meta":{"footnotes":""},"class_list":["post-194","page","type-page","status-publish","hentry"],"_links":{"self":[{"href":"https:\/\/www.veicetia.org\/wp\/index.php?rest_route=\/wp\/v2\/pages\/194","targetHints":{"allow":["GET"]}}],"collection":[{"href":"https:\/\/www.veicetia.org\/wp\/index.php?rest_route=\/wp\/v2\/pages"}],"about":[{"href":"https:\/\/www.veicetia.org\/wp\/index.php?rest_route=\/wp\/v2\/types\/page"}],"author":[{"embeddable":true,"href":"https:\/\/www.veicetia.org\/wp\/index.php?rest_route=\/wp\/v2\/users\/1"}],"replies":[{"embeddable":true,"href":"https:\/\/www.veicetia.org\/wp\/index.php?rest_route=%2Fwp%2Fv2%2Fcomments&post=194"}],"version-history":[{"count":9,"href":"https:\/\/www.veicetia.org\/wp\/index.php?rest_route=\/wp\/v2\/pages\/194\/revisions"}],"predecessor-version":[{"id":199,"href":"https:\/\/www.veicetia.org\/wp\/index.php?rest_route=\/wp\/v2\/pages\/194\/revisions\/199"}],"wp:attachment":[{"href":"https:\/\/www.veicetia.org\/wp\/index.php?rest_route=%2Fwp%2Fv2%2Fmedia&parent=194"}],"curies":[{"name":"wp","href":"https:\/\/api.w.org\/{rel}","templated":true}]}}