{"id":277,"date":"2012-09-28T06:13:26","date_gmt":"2012-09-28T06:13:26","guid":{"rendered":"http:\/\/www.veicetia.org\/wp\/?page_id=277"},"modified":"2012-11-09T12:53:23","modified_gmt":"2012-11-09T12:53:23","slug":"statuto","status":"publish","type":"page","link":"https:\/\/www.veicetia.org\/wp\/?page_id=277","title":{"rendered":"Statuto"},"content":{"rendered":"<p align=\"center\"><span><strong>ART. 1*<br \/>\n(Denominazione e sede)<\/strong><\/span><\/p>\n<p><span>L\u2019organizzazione di volontariato, denominata: &lt;&lt;.<strong>VEICETIA<\/strong>&gt;&gt; assume la forma giuridica di associazione apartitica e aconfessionale.<\/span><\/p>\n<p><span>L\u2019organizzazione ha sede legale in via\/piazza <strong>CONTRA&#8217; PASINI 12<\/strong> nel comune di <strong>VICENZA<\/strong><\/span><\/p>\n<p><span>Il trasferimento della sede legale non comporta modifica statutaria, ma l\u2019obbligo di comunicazione agli uffici competenti.<\/span><\/p>\n<p align=\"center\"><span><strong>ART. 2*<br \/>\n(Statuto)<\/strong><\/span><\/p>\n<p>&lt;span &gt;L\u2019organizzazione di volontariato &lt;&lt;<strong>VEICETIA<\/strong>&gt;&gt; \u00e8 disciplinata dal presente statuto, ed agisce nei limiti della legge 11 agosto 1991, n. 266, delle leggi regionali di attuazione e dei principi generali dell\u2019ordinamento giuridico.<\/p>\n<p>&lt;span &gt;L\u2019assemblea delibera l\u2019eventuale regolamento di esecuzione dello statuto per la disciplina degli aspetti organizzativi pi\u00f9 particolari.<\/p>\n<p align=\"center\">&lt;span &gt;<strong>ART. 3<br \/>\n(Efficacia dello statuto)<\/strong><\/p>\n<p><span>\u00a0Lo statuto vincola alla sua osservanza gli aderenti alla organizzazione; esso costituisce la regola fondamentale di comportamento dell\u2019attivit\u00e0 della organizzazione stessa.<\/span><\/p>\n<p align=\"center\"><span>\u00a0<strong>ART. 4<br \/>\n(Interpretazione dello statuto)<\/strong><\/span><\/p>\n<p><span>Lo statuto \u00e8 interpretato secondo le regole della interpretazione dei contratti e secondo i criteri dell\u2019articolo 12 delle preleggi al codice civile.<\/span><\/p>\n<p align=\"center\"><span><strong>ART. 5*<br \/>\n(Finalit\u00e0)<\/strong><\/span><\/p>\n<p><span>L\u2019associazione non ha scopo di lucro e persegue esclusivamente finalit\u00e0 di solidariet\u00e0 sociale nell\u2019ambito <strong>ARCHEOLOGICO<\/strong><\/span><\/p>\n<p><span>L\u2019Associazione si propone pertanto di svolgere le seguenti attivit\u00e0:<\/span><\/p>\n<ul>\n<li><span><strong>RICERCHE DI SUPERFICIE E LOCALIZZAZIONE DI SITI ARCHEOLOGICI SCONOSCIUTI.<\/strong><\/span><\/li>\n<li><span><strong>STUDI\/RICERCHE<\/strong><\/span><\/li>\n<li><span><strong>DIDATTICA<\/strong><\/span><\/li>\n<li><span><strong>MOSTRE(OVE RENDERE PUBBLICO QUANTO REPERTATO)<\/strong><\/span><\/li>\n<\/ul>\n<p><span>L\u2019organizzazione di volontariato opera nel territorio della Regione Veneto.<\/span><\/p>\n<p align=\"center\"><span>\u00a0<strong>ART. 6*<br \/>\n(Ammissione)<\/strong><\/span><\/p>\n<p><span>Sono aderenti dell\u2019organizzazione tutte le persone fisiche che ne condividono le finalit\u00e0 e, moss<span style=\"text-decoration: line-through;\">e<\/span> da spirito di solidariet\u00e0, si impegnano concretamente per realizzarle.<\/span><\/p>\n<p><span>L\u2019ammissione all\u2019organizzazione \u00e8 deliberata dal Consiglio Direttivo, ratificata dalla Assemblea nella prima riunione utile.<\/span><\/p>\n<p><span>L\u2019ammissione a socio \u00e8 a tempo indeterminato, fermo restando il diritto di recesso.<\/span><\/p>\n<p align=\"center\"><span><strong>ART. 7<br \/>\n(Diritti e doveri degli aderenti)<\/strong><\/span><\/p>\n<p><span>\u00a0Gli aderenti all\u2019organizzazione hanno il diritto di:<\/span><\/p>\n<ul>\n<li><span>eleggere gli organi sociali\u00a0 e di essere eletti negli stessi;<\/span><\/li>\n<li><span>essere informati sulle attivit\u00e0 dell\u2019associazione e controllarne l\u2019andamento;<\/span><\/li>\n<li><span>essere rimborsati dalle spese effettivamente sostenute per l\u2019attivit\u00e0 prestata, ai sensi di legge;<\/span><\/li>\n<li><span>prendere atto dell\u2019ordine del giorno delle assemblee, prendere visione del rendiconto economico \u2013 finanziario, consultare i verbali.<\/span><\/li>\n<\/ul>\n<p><span>Gli aderenti all\u2019organizzazione hanno il dovere di:<\/span><\/p>\n<ul>\n<li><span>rispettare il presente statuto e l\u2019eventuale regolamento interno;<\/span><\/li>\n<li><span>svolgere la propria attivit\u00e0 verso gli altri in modo personale, spontaneo e gratuito, senza fini di lucro;<\/span><\/li>\n<li><span>versare la quota associativa secondo l\u2019importo annualmente stabilito.<\/span><\/li>\n<\/ul>\n<p><span>La quota sociale \u00e8 intrasmissibile e non rivalutabile.<\/span><\/p>\n<p align=\"center\"><span><strong>ART. 8*<br \/>\n(Perdita della qualifica di socio)<\/strong><\/span><\/p>\n<p><span>La qualit\u00e0 di associato si perde per morte, recesso o esclusione.<\/span><\/p>\n<p><span>Il socio pu\u00f2 recedere dall\u2019associazione mediante comunicazione scritta al Consiglio Direttivo.<\/span><\/p>\n<p><span>L\u2019aderente all\u2019organizzazione che contravviene ai doveri stabiliti dallo statuto, pu\u00f2 essere escluso dall\u2019organizzazione. L\u2019esclusione \u00e8 deliberata dall\u2019assemblea con voto segreto e dopo aver ascoltato le giustificazioni dell\u2019interessato.<\/span><\/p>\n<p align=\"center\"><span><strong>ART. 9*<br \/>\n(Gli organi sociali)<\/strong><\/span><\/p>\n<p><span>Sono organi dell\u2019organizzazione:<\/span><\/p>\n<ul>\n<li><span>Assemblea dei soci<\/span><\/li>\n<li><span>Consiglio direttivo<\/span><\/li>\n<li><span>Presidente<\/span><\/li>\n<\/ul>\n<p><span>Tutte le cariche sociali sono gratuite.<\/span><\/p>\n<p align=\"center\"><span><strong>ART. 10<br \/>\n(L\u2019assemblea )<\/strong><\/span><\/p>\n<p><span>\u00a0L\u2019assemblea \u00e8 composta da tutti gli aderenti all\u2019organizzazione ed \u00e8 l\u2019organo sovrano.<\/span><\/p>\n<p><span>L\u2019assemblea \u00e8 presieduta dal Presidente dell\u2019associazione o, in sua assenza, dal Vicepresidente.<\/span><\/p>\n<p><span>Gli aderenti possono farsi rappresentare in assemblea solo da altri aderenti, conferendo delega scritta. Non sono ammesse pi\u00f9 di tre deleghe per ciascun aderente (da valutarsi in proporzione al numero complessivo degli aderenti).<\/span><\/p>\n<p><span>I voti sono palesi, tranne quelli riguardanti le persone.<\/span><\/p>\n<p><span>Delle riunioni dell\u2019assemblea \u00e8 redatto il verbale, sottoscritto dal Presidente e dal verbalizzante e conservato presso la sede dell\u2019associazione, in libera visione a tutti i soci.<\/span><\/p>\n<p align=\"center\"><span><strong>ART. 11<br \/>\n(Compiti dell\u2019Assemblea)<\/strong><\/span><\/p>\n<p><span>L\u2019assemblea deve:<\/span><\/p>\n<ul>\n<li><span>approvare il conto consuntivo;<\/span><\/li>\n<li><span>fissare l\u2019importo della quota sociale annuale;<\/span><\/li>\n<li><span>determinare le linee generali programmatiche dell\u2019attivit\u00e0 dell\u2019associazione;<\/span><\/li>\n<li><span>approvare l\u2019eventuale regolamento interno;<\/span><\/li>\n<li><span>eleggere e revocare il Presidente e il Consiglio Direttivo;<\/span><\/li>\n<li><span>deliberare su quant\u2019altro demandatole per legge o per statuto, o sottoposto al suo esame dal Consiglio direttivo.<\/span><\/li>\n<\/ul>\n<p align=\"center\"><span><strong>ART. 12<br \/>\n(Convocazione)<\/strong><\/span><\/p>\n<p><span>L\u2019assemblea si riunisce almeno una volta all\u2019anno per l\u2019approvazione del bilancio. Negli altri casi su convocazione del Presidente, anche su domanda motivata e altres\u00ec su richiesta firmata da almeno un decimo degli aderenti o quando il Consiglio direttivo lo ritiene necessario.<\/span><\/p>\n<p><span>La convocazione avviene mediante comunicazione scritta, contenente l\u2019ordine del giorno, spedita almeno 15 giorni prima della data fissata per l\u2019assemblea all\u2019indirizzo risultante dal libro dei soci oppure mediante avviso affisso nella sede dell\u2019associazione.<\/span><\/p>\n<p align=\"center\"><span><strong>ART. 13<br \/>\n(Assemblea ordinaria)<\/strong><\/span><\/p>\n<p><span>\u00a0L\u2019assemblea ordinaria \u00e8 regolarmente costituita in prima convocazione con la presenza della met\u00e0 pi\u00f9 uno degli aderenti, presenti in proprio o per delega, e in seconda convocazione qualunque sia il numero degli aderenti presenti, in proprio o in delega.<\/span><\/p>\n<p><span>L\u2019assemblea delibera a maggioranza dei voti dei presenti.<\/span><\/p>\n<p><span>Nelle deliberazioni di approvazione del bilancio e in quelle che riguardano la loro responsabilit\u00e0, gli amministratori non hanno diritto di voto.<\/span><\/p>\n<p align=\"center\"><span><strong>ART. 14*<br \/>\n(Assemblea straordinaria)<\/strong><\/span><\/p>\n<p><span>L\u2019assemblea straordinaria modifica lo statuto dell\u2019associazione con la presenza di almeno 2\/3 degli associati e il voto favorevole della maggioranza dei presenti e delibera lo scioglimento e la liquidazione nonch\u00e9 la devoluzione del patrimonio con il voto favorevole di almeno 3\/4 degli associati.<\/span><\/p>\n<p align=\"center\"><span><strong>ART. 15*<br \/>\n(Consiglio Direttivo)<\/strong><\/span><\/p>\n<p><span>Il consiglio direttivo \u00e8 l\u2019organo di governo e di amministrazione dell\u2019associazione ed opera in attuazione delle volont\u00e0 e degli indirizzi generali dell\u2019assemblea alla quale risponde direttamente e dalla quale pu\u00f2 essere revocato.<\/span><\/p>\n<p><span>Il consiglio direttivo \u00e8 formato da un numero dispari di<strong> 5<\/strong> componenti, eletti dall\u2019assemblea tra gli aderenti, per la durata di anni 3 e sono rieleggibili per <strong>5<\/strong> mandati.<\/span><\/p>\n<p><span>Il consiglio direttivo \u00e8 validamente costituito quando \u00e8 presente la maggioranza dei componenti. Nel caso in cui il consiglio direttivo \u00e8 composto da soli tre membri esso \u00e8 validamente costituito e delibera quando sono presenti tutti. Le deliberazioni sono assunte a maggioranza dei presenti.<\/span><\/p>\n<p><span>Il presidente dell\u2019organizzazione \u00e8 il presidente del Consiglio Direttivo ed \u00e8 nominato dall\u2019assemblea assieme agli altri componenti il Consiglio.<\/span><\/p>\n<p align=\"center\"><span><strong>ART. 16*<br \/>\n(Il Presidente)<\/strong><\/span><\/p>\n<p><span>Il presidente rappresenta legalmente l\u2019associazione e compie tutti gli atti che la impegnano verso l\u2019esterno.<\/span><\/p>\n<p><span>Il presidente \u00e8 eletto dall\u2019assemblea tra i propri componenti a maggioranza dei presenti.<\/span><\/p>\n<p><span>Il presidente dura in carica quanto il consiglio direttivo e cessa per scadenza del mandato, per dimissioni volontarie o per eventuale revoca decisa dall\u2019 assemblea, con la maggioranza dei presenti.<\/span><\/p>\n<p><span>Almeno un mese prima della scadenza del mandato del Consiglio Direttivo, il presidente convoca l\u2019assemblea per la elezione del nuovo presidente e del Consiglio Direttivo.<\/span><\/p>\n<p><span>Il presidente convoca e presiede l\u2019Assemblea e il Consiglio Direttivo, svolge l\u2019ordinaria amministrazione sulla base delle direttive di tali organi, riferendo al Consiglio Direttivo in merito all\u2019attivit\u00e0 compiuta.<\/span><\/p>\n<p><span>Il Vicepresidente sostituisce il Presidente in ogni sua attribuzione ogniqualvolta questi sia impossibilitato nell\u2019esercizio delle sue funzioni.<\/span><\/p>\n<p align=\"center\"><span><strong>ART. 17<br \/>\n(Risorse economiche)<\/strong><\/span><\/p>\n<p><span>Le risorse economiche dell\u2019organizzazione sono costituite da:<\/span><\/p>\n<ul>\n<li><span>contributi degli aderenti e\/o di privati;<\/span><\/li>\n<li><span>contributi dello Stato, di enti o istituzioni pubbliche finalizzati esclusivamente al sostegno di specifiche e documentate attivit\u00e0 o progetti;<\/span><\/li>\n<li><span>contributi di organismi internazionali;<\/span><\/li>\n<li><span>donazioni e lasciti testamentari;<\/span><\/li>\n<li><span>rimborsi derivanti da convenzioni;<\/span><\/li>\n<li><span>entrate derivanti da attivit\u00e0 commerciali e produttive marginali, da inserire in una apposita voce di bilancio.<\/span><\/li>\n<\/ul>\n<p align=\"center\"><span><strong>ART. 18<br \/>\n(I beni)<\/strong><\/span><\/p>\n<p><span><strong>\u00a0<\/strong>I beni dell\u2019organizzazione sono beni immobili, beni registrati mobili e beni mobili. I beni immobili ed i beni registrati mobili possono essere acquistati dall\u2019organizzazione, e sono ad essa intestati.<\/span><\/p>\n<p><span>I beni immobili, i beni registrati mobili, nonch\u00e9 i beni mobili che sono collocati nella sede dell\u2019organizzazione sono elencati nell\u2019inventario, che \u00e8 depositato presso la sede dell\u2019organizzazione e pu\u00f2 essere consultato dagli aderenti.<\/span><\/p>\n<p align=\"center\"><span><strong>ART. 19<br \/>\n(Divieto di distribuzione degli utili)<\/strong><\/span><\/p>\n<p><span>L\u2019associazione ha il divieto di distribuire, anche in modo indiretto, utili e avanzi di gestione nonch\u00e9 fondi, riserve o capitale durante la propria vita, a meno che la destinazione o la distribuzione non siano imposte per legge.<\/span><\/p>\n<p><span>L\u2019associazione ha l\u2019obbligo di impiegare gli eventuali utili o avanzi di gestione per la realizzazione delle attivit\u00e0 istituzionali.<\/span><\/p>\n<p align=\"center\"><span><strong>ART. 20<br \/>\n(Proventi derivanti da attivit\u00e0 marginali)<\/strong><\/span><\/p>\n<p><span>I proventi derivanti da attivit\u00e0 commerciali o produttive marginali sono inseriti in apposita voce del bilancio dell\u2019organizzazione;<\/span><\/p>\n<p><span>L\u2019assemblea delibera sulla utilizzazione dei proventi, che deve essere comunque in armonia con le finalit\u00e0 statutarie dell\u2019organizzazione e con i principi della L. 266\/91.<\/span><\/p>\n<p align=\"center\"><span><strong>ART. 21*<br \/>\n(Bilancio)<\/strong><\/span><\/p>\n<p><span>I documenti di bilancio della organizzazione sono annuali e decorrono dal primo gennaio di ogni anno.<\/span><\/p>\n<p><span>Il conto consuntivo contiene tutte le entrate intervenute e le spese sostenute relative all\u2019anno trascorso.<\/span><\/p>\n<p><span>Il bilancio \u00e8 predisposto dal Consiglio Direttivo e viene approvato dall\u2019assemblea ordinaria entro 4 mesi dalla chiusura dell\u2019esercizio cui si riferisce il consuntivo.<\/span><\/p>\n<p align=\"center\"><span><strong>ART. 22<br \/>\n(Convenzioni)<\/strong><\/span><\/p>\n<p><span>Le convenzioni tra l\u2019organizzazione di volontariato ed altri enti e soggetti sono deliberate dal Consiglio Direttivo che ne determina anche le modalit\u00e0 di attuazione, e sono stipulate dal Presidente dell\u2019associazione, quale suo legale rappresentante.<\/span><\/p>\n<p><span>Copia di ogni convenzione \u00e8 custodita, a cura del presidente, presso la sede dell\u2019organizzazione.<\/span><\/p>\n<p align=\"center\"><span><strong>ART. 23<br \/>\n(Personale retribuito)<\/strong><\/span><\/p>\n<p><span>L\u2019organizzazione di volontariato pu\u00f2 avvalersi di personale retribuito nei limiti previsti dalla L. 266\/91.<\/span><\/p>\n<p><span>I rapporti tra l\u2019organizzazione ed il \u00a0personale retribuito sono disciplinati dalla legge e da apposito regolamento adottato dall\u2019organizzazione.<\/span><\/p>\n<p align=\"center\"><span><strong>ART. 24*<br \/>\n(Responsabilit\u00e0 ed assicurazione degli aderenti)<\/strong><\/span><\/p>\n<p><span>Gli aderenti che prestano attivit\u00e0 di volontariato sono assicurati per malattie, infortunio, e per la responsabilit\u00e0 civile verso i terzi ai sensi dell\u2019art. 4 della L. 266\/91.<\/span><\/p>\n<p align=\"center\"><span><strong>ART. 25<br \/>\n(Responsabilit\u00e0 della organizzazione)<\/strong><\/span><\/p>\n<p><span>L\u2019organizzazione di volontariato risponde, con le proprie risorse economiche, dei danni causati per inosservanza delle convenzioni e dei contratti stipulati.<\/span><\/p>\n<p align=\"center\"><span><strong>ART. 26<br \/>\n(Assicurazione dell\u2019organizzazione)<\/strong><\/span><\/p>\n<p><span>L\u2019organizzazione di volontariato pu\u00f2 assicurarsi per i danni derivanti da responsabilit\u00e0 contrattuale ed extra contrattuale della organizzazione stessa.<\/span><\/p>\n<p align=\"center\"><span><strong>ART. 27*<br \/>\n(Devoluzione del patrimonio)<\/strong><\/span><\/p>\n<p><span>In caso di scioglimento, cessazione ovvero estinzione dell\u2019organizzazione, i beni che residuano dopo l\u2019esaurimento della liquidazione saranno devoluti ad altre organizzazioni di volontariato operanti in identico o analogo settore.<\/span><\/p>\n<p align=\"center\"><span><strong>ART. 28<br \/>\n(Disposizioni finali)<\/strong><\/span><\/p>\n<p><span>Per quanto non \u00e8 previsto dal presente statuto, si fa riferimento alle normative vigenti in materia\u00a0 ed ai principi generali dell\u2019ordinamento giuridico.<\/span><\/p>\n","protected":false},"excerpt":{"rendered":"<p>ART. 1* (Denominazione e sede) L\u2019organizzazione di volontariato, denominata: &lt;&lt;.VEICETIA&gt;&gt; assume la forma giuridica di associazione apartitica e aconfessionale. L\u2019organizzazione ha sede legale in via\/piazza CONTRA&#8217; PASINI 12 nel comune di VICENZA Il trasferimento della sede legale non comporta modifica statutaria, ma l\u2019obbligo di comunicazione agli uffici competenti. ART. 2* &hellip;<\/p>\n","protected":false},"author":1,"featured_media":0,"parent":0,"menu_order":0,"comment_status":"closed","ping_status":"closed","template":"page-full.php","meta":{"footnotes":""},"class_list":["post-277","page","type-page","status-publish","hentry"],"_links":{"self":[{"href":"https:\/\/www.veicetia.org\/wp\/index.php?rest_route=\/wp\/v2\/pages\/277","targetHints":{"allow":["GET"]}}],"collection":[{"href":"https:\/\/www.veicetia.org\/wp\/index.php?rest_route=\/wp\/v2\/pages"}],"about":[{"href":"https:\/\/www.veicetia.org\/wp\/index.php?rest_route=\/wp\/v2\/types\/page"}],"author":[{"embeddable":true,"href":"https:\/\/www.veicetia.org\/wp\/index.php?rest_route=\/wp\/v2\/users\/1"}],"replies":[{"embeddable":true,"href":"https:\/\/www.veicetia.org\/wp\/index.php?rest_route=%2Fwp%2Fv2%2Fcomments&post=277"}],"version-history":[{"count":9,"href":"https:\/\/www.veicetia.org\/wp\/index.php?rest_route=\/wp\/v2\/pages\/277\/revisions"}],"predecessor-version":[{"id":354,"href":"https:\/\/www.veicetia.org\/wp\/index.php?rest_route=\/wp\/v2\/pages\/277\/revisions\/354"}],"wp:attachment":[{"href":"https:\/\/www.veicetia.org\/wp\/index.php?rest_route=%2Fwp%2Fv2%2Fmedia&parent=277"}],"curies":[{"name":"wp","href":"https:\/\/api.w.org\/{rel}","templated":true}]}}